{"id":549,"date":"2019-01-14T23:35:29","date_gmt":"2019-01-14T22:35:29","guid":{"rendered":"http:\/\/maxipress.picassomedia.de\/selbstpressende-behaelter\/"},"modified":"2020-01-30T11:35:03","modified_gmt":"2020-01-30T10:35:03","slug":"selbstpressende-behaelter","status":"publish","type":"page","link":"https:\/\/maxipress.de\/en\/selbstpressende-behaelter\/","title":{"rendered":"Selbstpressende Beh\u00e4lter"},"content":{"rendered":"","protected":false},"excerpt":{"rendered":"","protected":false},"author":1,"featured_media":0,"parent":0,"menu_order":0,"comment_status":"closed","ping_status":"closed","template":"","meta":[],"yoast_head":"<!-- This site is optimized with the Yoast SEO plugin v19.11 - https:\/\/yoast.com\/wordpress\/plugins\/seo\/ -->\n<title>Selbstpresscontainer - MAXIPRESS 040\/78 34 64<\/title>\n<meta name=\"description\" content=\"Die SELBSTPRESSENDe Beh\u00e4lter kommen \u00fcberall dort zum Einsatz, wo gr\u00f6\u00dfere Mengen an Wertstoffen, Restm\u00fcll oder hausm\u00fcll\u00e4hnlicher Gewerbeabfall anf\u00e4llt.\" \/>\n<meta name=\"robots\" content=\"index, follow, max-snippet:-1, max-image-preview:large, max-video-preview:-1\" \/>\n<link rel=\"canonical\" href=\"https:\/\/maxipress.de\/en\/selbstpressende-behaelter\/\" \/>\n<meta property=\"og:locale\" content=\"en_US\" \/>\n<meta property=\"og:type\" content=\"article\" \/>\n<meta property=\"og:title\" content=\"Selbstpresscontainer - MAXIPRESS 040\/78 34 64\" \/>\n<meta property=\"og:description\" content=\"Die SELBSTPRESSENDe Beh\u00e4lter kommen \u00fcberall dort zum Einsatz, wo gr\u00f6\u00dfere Mengen an Wertstoffen, Restm\u00fcll oder hausm\u00fcll\u00e4hnlicher Gewerbeabfall anf\u00e4llt.\" \/>\n<meta property=\"og:url\" content=\"https:\/\/maxipress.de\/en\/selbstpressende-behaelter\/\" \/>\n<meta property=\"og:site_name\" content=\"Maxipress\" \/>\n<meta property=\"article:modified_time\" content=\"2020-01-30T10:35:03+00:00\" \/>\n<meta name=\"twitter:card\" content=\"summary_large_image\" \/>\n<script type=\"application\/ld+json\" class=\"yoast-schema-graph\">{\"@context\":\"https:\/\/schema.org\",\"@graph\":[{\"@type\":\"WebPage\",\"@id\":\"https:\/\/maxipress.de\/en\/selbstpressende-behaelter\/\",\"url\":\"https:\/\/maxipress.de\/en\/selbstpressende-behaelter\/\",\"name\":\"Selbstpresscontainer - MAXIPRESS 040\/78 34 64\",\"isPartOf\":{\"@id\":\"https:\/\/maxipress.de\/#website\"},\"datePublished\":\"2019-01-14T22:35:29+00:00\",\"dateModified\":\"2020-01-30T10:35:03+00:00\",\"description\":\"Die SELBSTPRESSENDe Beh\u00e4lter kommen \u00fcberall dort zum Einsatz, wo gr\u00f6\u00dfere Mengen an Wertstoffen, Restm\u00fcll oder hausm\u00fcll\u00e4hnlicher Gewerbeabfall anf\u00e4llt.\",\"breadcrumb\":{\"@id\":\"https:\/\/maxipress.de\/en\/selbstpressende-behaelter\/#breadcrumb\"},\"inLanguage\":\"en-US\",\"potentialAction\":[{\"@type\":\"ReadAction\",\"target\":[\"https:\/\/maxipress.de\/en\/selbstpressende-behaelter\/\"]}]},{\"@type\":\"BreadcrumbList\",\"@id\":\"https:\/\/maxipress.de\/en\/selbstpressende-behaelter\/#breadcrumb\",\"itemListElement\":[{\"@type\":\"ListItem\",\"position\":1,\"name\":\"Startseite\",\"item\":\"https:\/\/maxipress.de\/en\/\"},{\"@type\":\"ListItem\",\"position\":2,\"name\":\"Selbstpressende Beh\u00e4lter\"}]},{\"@type\":\"WebSite\",\"@id\":\"https:\/\/maxipress.de\/#website\",\"url\":\"https:\/\/maxipress.de\/\",\"name\":\"Maxipress\",\"description\":\"\",\"potentialAction\":[{\"@type\":\"SearchAction\",\"target\":{\"@type\":\"EntryPoint\",\"urlTemplate\":\"https:\/\/maxipress.de\/?s={search_term_string}\"},\"query-input\":\"required name=search_term_string\"}],\"inLanguage\":\"en-US\"}]}<\/script>\n<!-- \/ Yoast SEO plugin. -->","yoast_head_json":{"title":"Selbstpresscontainer - MAXIPRESS 040\/78 34 64","description":"Die SELBSTPRESSENDe Beh\u00e4lter kommen \u00fcberall dort zum Einsatz, wo gr\u00f6\u00dfere Mengen an Wertstoffen, Restm\u00fcll oder hausm\u00fcll\u00e4hnlicher Gewerbeabfall anf\u00e4llt.","robots":{"index":"index","follow":"follow","max-snippet":"max-snippet:-1","max-image-preview":"max-image-preview:large","max-video-preview":"max-video-preview:-1"},"canonical":"https:\/\/maxipress.de\/en\/selbstpressende-behaelter\/","og_locale":"en_US","og_type":"article","og_title":"Selbstpresscontainer - MAXIPRESS 040\/78 34 64","og_description":"Die SELBSTPRESSENDe Beh\u00e4lter kommen \u00fcberall dort zum Einsatz, wo gr\u00f6\u00dfere Mengen an Wertstoffen, Restm\u00fcll oder hausm\u00fcll\u00e4hnlicher Gewerbeabfall anf\u00e4llt.","og_url":"https:\/\/maxipress.de\/en\/selbstpressende-behaelter\/","og_site_name":"Maxipress","article_modified_time":"2020-01-30T10:35:03+00:00","twitter_card":"summary_large_image","schema":{"@context":"https:\/\/schema.org","@graph":[{"@type":"WebPage","@id":"https:\/\/maxipress.de\/en\/selbstpressende-behaelter\/","url":"https:\/\/maxipress.de\/en\/selbstpressende-behaelter\/","name":"Selbstpresscontainer - MAXIPRESS 040\/78 34 64","isPartOf":{"@id":"https:\/\/maxipress.de\/#website"},"datePublished":"2019-01-14T22:35:29+00:00","dateModified":"2020-01-30T10:35:03+00:00","description":"Die SELBSTPRESSENDe Beh\u00e4lter kommen \u00fcberall dort zum Einsatz, wo gr\u00f6\u00dfere Mengen an Wertstoffen, Restm\u00fcll oder hausm\u00fcll\u00e4hnlicher Gewerbeabfall anf\u00e4llt.","breadcrumb":{"@id":"https:\/\/maxipress.de\/en\/selbstpressende-behaelter\/#breadcrumb"},"inLanguage":"en-US","potentialAction":[{"@type":"ReadAction","target":["https:\/\/maxipress.de\/en\/selbstpressende-behaelter\/"]}]},{"@type":"BreadcrumbList","@id":"https:\/\/maxipress.de\/en\/selbstpressende-behaelter\/#breadcrumb","itemListElement":[{"@type":"ListItem","position":1,"name":"Startseite","item":"https:\/\/maxipress.de\/en\/"},{"@type":"ListItem","position":2,"name":"Selbstpressende Beh\u00e4lter"}]},{"@type":"WebSite","@id":"https:\/\/maxipress.de\/#website","url":"https:\/\/maxipress.de\/","name":"Maxipress","description":"","potentialAction":[{"@type":"SearchAction","target":{"@type":"EntryPoint","urlTemplate":"https:\/\/maxipress.de\/?s={search_term_string}"},"query-input":"required name=search_term_string"}],"inLanguage":"en-US"}]}},"_links":{"self":[{"href":"https:\/\/maxipress.de\/en\/wp-json\/wp\/v2\/pages\/549"}],"collection":[{"href":"https:\/\/maxipress.de\/en\/wp-json\/wp\/v2\/pages"}],"about":[{"href":"https:\/\/maxipress.de\/en\/wp-json\/wp\/v2\/types\/page"}],"author":[{"embeddable":true,"href":"https:\/\/maxipress.de\/en\/wp-json\/wp\/v2\/users\/1"}],"replies":[{"embeddable":true,"href":"https:\/\/maxipress.de\/en\/wp-json\/wp\/v2\/comments?post=549"}],"version-history":[{"count":3,"href":"https:\/\/maxipress.de\/en\/wp-json\/wp\/v2\/pages\/549\/revisions"}],"predecessor-version":[{"id":692,"href":"https:\/\/maxipress.de\/en\/wp-json\/wp\/v2\/pages\/549\/revisions\/692"}],"wp:attachment":[{"href":"https:\/\/maxipress.de\/en\/wp-json\/wp\/v2\/media?parent=549"}],"curies":[{"name":"wp","href":"https:\/\/api.w.org\/{rel}","templated":true}]}}